{"id":601949,"date":"2024-04-24T13:46:32","date_gmt":"2024-04-24T17:46:32","guid":{"rendered":"https:\/\/www.earthrangers.com\/EN\/CA\/?page_id=601949"},"modified":"2024-04-26T11:48:16","modified_gmt":"2024-04-26T15:48:16","slug":"may-2024-clubs-contest-rules-and-regulations","status":"publish","type":"page","link":"https:\/\/www.earthrangers.com\/EN\/CA\/may-2024-clubs-contest-rules-and-regulations\/","title":{"rendered":"Earth Rangers Clubs"},"content":{"rendered":"\n<p><strong>May 2024 Clubs Contest: Rules and Regulations<\/strong><\/p>\n\n\n\n<p class=\"has-text-align-left\"><strong><a href=\"https:\/\/www.earthrangers.com\/EN\/CA\/EN\/CA\/wp-content\/uploads\/Clubs-Mission-Contest_Rules-and-Regulations-1.pdf\" target=\"_blank\" rel=\"noopener\" title=\"English \">English <\/a>| <a href=\"https:\/\/www.earthrangers.com\/EN\/CA\/missions-des-clubs-eco-heros-reglement\/\" target=\"_blank\" rel=\"noopener\" title=\"French\">French<\/a><\/strong><\/p>\n\n\n\n<p><strong>Mai 2024 Concours Clubs \u00c9co H\u00e9ros : R\u00e8glement<\/strong><\/p>\n\n\n\n<p class=\"has-text-align-left\"><strong><a href=\"https:\/\/www.earthrangers.com\/EN\/CA\/EN\/CA\/wp-content\/uploads\/Clubs-Mission-Contest_Rules-and-Regulations-1.pdf\" target=\"_blank\" rel=\"noopener\" title=\"English \">Anglais<\/a>| <a href=\"https:\/\/www.earthrangers.com\/EN\/CA\/missions-des-clubs-eco-heros-reglement\/\" target=\"_blank\" rel=\"noopener\" title=\"French\">Fran\u00e7ais<\/a><\/strong><\/p>\n","protected":false},"excerpt":{"rendered":"<p>May 2024 Clubs Contest: Rules and Regulations English | French Mai 2024 Concours Clubs \u00c9co H\u00e9ros : R\u00e8glement Anglais| Fran\u00e7ais<\/p>\n","protected":false},"author":189197,"featured_media":0,"parent":0,"menu_order":0,"comment_status":"closed","ping_status":"closed","template":"","meta":{"_acf_changed":false,"footnotes":""},"class_list":["post-601949","page","type-page","status-publish"],"pp_force_visibility":null,"pp_subpost_visibility":null,"pp_inherited_force_visibility":null,"pp_inherited_subpost_visibility":null,"acf":[],"aioseo_notices":[],"_links":{"self":[{"href":"https:\/\/www.earthrangers.com\/EN\/CA\/wp-json\/wp\/v2\/pages\/601949","targetHints":{"allow":["GET"]}}],"collection":[{"href":"https:\/\/www.earthrangers.com\/EN\/CA\/wp-json\/wp\/v2\/pages"}],"about":[{"href":"https:\/\/www.earthrangers.com\/EN\/CA\/wp-json\/wp\/v2\/types\/page"}],"author":[{"embeddable":true,"href":"https:\/\/www.earthrangers.com\/EN\/CA\/wp-json\/wp\/v2\/users\/189197"}],"replies":[{"embeddable":true,"href":"https:\/\/www.earthrangers.com\/EN\/CA\/wp-json\/wp\/v2\/comments?post=601949"}],"version-history":[{"count":0,"href":"https:\/\/www.earthrangers.com\/EN\/CA\/wp-json\/wp\/v2\/pages\/601949\/revisions"}],"wp:attachment":[{"href":"https:\/\/www.earthrangers.com\/EN\/CA\/wp-json\/wp\/v2\/media?parent=601949"}],"curies":[{"name":"wp","href":"https:\/\/api.w.org\/{rel}","templated":true}]}}